{"id":333,"date":"2024-08-06T10:04:58","date_gmt":"2024-08-06T08:04:58","guid":{"rendered":"https:\/\/poissonnerielespirates.com\/?page_id=333"},"modified":"2024-08-06T17:50:03","modified_gmt":"2024-08-06T15:50:03","slug":"livraison-particulier","status":"publish","type":"page","link":"https:\/\/poissonnerielespirates.com\/?page_id=333","title":{"rendered":"Livraison particuliers"},"content":{"rendered":"\n<div class=\"row\"  id=\"row-120289550\">\n\n\n\t<div id=\"col-38100661\" class=\"col small-12 large-12\"  >\n\t\t\t\t<div class=\"col-inner\"  >\n\t\t\t\n\t\t\t\n\n<div class=\"row\"  id=\"row-1174495936\">\n\n\n\t<div id=\"col-1047832097\" class=\"col small-12 large-12\"  >\n\t\t\t\t<div class=\"col-inner text-center\"  >\n\t\t\t\n\t\t\t\n\n<h1><strong>Service de livraison pour particulier<\/strong><\/h1>\n\t<div class=\"img has-hover x md-x lg-x y md-y lg-y\" id=\"image_357080245\">\n\t\t\t\t\t\t\t\t<div class=\"img-inner dark\" >\n\t\t\t<img loading=\"lazy\" decoding=\"async\" width=\"1020\" height=\"33\" src=\"https:\/\/poissonnerielespirates.com\/wp-content\/uploads\/2024\/07\/Elements-12-1024x33.png\" class=\"attachment-large size-large\" alt=\"\" srcset=\"https:\/\/poissonnerielespirates.com\/wp-content\/uploads\/2024\/07\/Elements-12-1024x33.png 1024w, https:\/\/poissonnerielespirates.com\/wp-content\/uploads\/2024\/07\/Elements-12-300x10.png 300w, https:\/\/poissonnerielespirates.com\/wp-content\/uploads\/2024\/07\/Elements-12-768x25.png 768w, https:\/\/poissonnerielespirates.com\/wp-content\/uploads\/2024\/07\/Elements-12.png 1188w\" sizes=\"auto, (max-width: 1020px) 100vw, 1020px\" \/>\t\t\t\t\t\t\n\t\t\t\t\t<\/div>\n\t\t\t\t\t\t\t\t\n<style>\n#image_357080245 {\n  width: 40%;\n}\n<\/style>\n\t<\/div>\n\t\n\n\t<div id=\"text-1345656820\" class=\"text\">\n\t\t\n\n<p><span style=\"color: #ed1c24;\"><strong><span style=\"font-size: 160%;\"><span style=\"color: #282828;\">Minimum de 1re commande<\/span> <span style=\"color: #3179d6;\">150\u20ac<\/span><\/span><\/strong><\/span><br \/><em><strong>(puis 100\u20ac)<\/strong><\/em><\/p>\n\t\t\n<style>\n#text-1345656820 {\n  font-size: 0.85rem;\n}\n<\/style>\n\t<\/div>\n\t\n<div class=\"row\"  id=\"row-6079111\">\n\n\n\t<div id=\"col-1229012961\" class=\"col small-12 large-12\"  >\n\t\t\t\t<div class=\"col-inner text-center\"  >\n\t\t\t\n\t\t\t\n\n\t<div id=\"text-1541556636\" class=\"text\">\n\t\t\n\n<p><span style=\"color: #ed1c24; font-size: 130%;\"><strong><span style=\"color: #282828;\">POUR \u00caTRE PRISE EN COMPTE <br \/><span style=\"color: #3179d6;\">VOTRE COMMANDE DOIT \u00caTRE IMP\u00c9RATIVEMENT VALID\u00c9E AU T\u00c9L\u00c9PHONE<\/span><br \/>AVEC NOTRE RESPONSABLE COMMANDE AU :<\/span><\/strong><\/span><\/p>\n\t\t\n<style>\n#text-1541556636 {\n  font-size: 0.85rem;\n}\n<\/style>\n\t<\/div>\n\t\n<p><span style=\"color: #ed1c24; font-size: 200%;\"><strong><span style=\"color: #282828;\">06 95 16 81 91<\/span><\/strong><\/span><\/p>\n<p style=\"margin-bottom: 15px;\"><span style=\"font-size: 115%;\"><strong><span style=\"color: #282828;\">Les livraisons s\u2019effectuent uniquement sur les communes de :<\/span><br \/><span style=\"color: #3179d6;\">Montauroux, Mandelieu, Cannes, St-Laurent du Var, Nice, Villefranche, Beaulieu,St-Jean Cap Ferra &amp; Monaco<\/span><\/strong><span style=\"color: #1a4a7a;\"><strong>.<\/strong><\/span><\/span><\/p>\n\n\t\t<\/div>\n\t\t\t\t\n<style>\n#col-1229012961 > .col-inner {\n  margin: 0px 0px -20px 0px;\n}\n<\/style>\n\t<\/div>\n\n\t\n\n<\/div>\n\n\t\t<\/div>\n\t\t\t\t\t<\/div>\n\n\t\n\n<\/div>\n\n\t\t<\/div>\n\t\t\t\t\n<style>\n#col-38100661 > .col-inner {\n  margin: 0px 0px -70px 0px;\n}\n<\/style>\n\t<\/div>\n\n\t\n\n<\/div>\n\n\t<section class=\"section\" id=\"section_616451999\">\n\t\t<div class=\"section-bg fill\" >\n\t\t\t\t\t\t\t\t\t\n\t\t\t\n\n\t\t<\/div>\n\n\t\t\n\n\t\t<div class=\"section-content relative\">\n\t\t\t\n\n<div class=\"row row-full-width align-middle align-center\"  id=\"row-1852953123\">\n\n\n\t<div id=\"col-1277453955\" class=\"col small-12 large-12\"  >\n\t\t\t\t<div class=\"col-inner text-center\"  >\n\t\t\t\n\t\t\t\n\n\t<div id=\"text-3814102950\" class=\"text\">\n\t\t\n\n<p style=\"text-align: center;\"><span style=\"font-size: 115%; color: #ffffff;\"><strong>Livraison du lundi au samedi entre 7h et 13h, sur R.D.V t\u00e9l\u00e9phonique.<\/strong><\/span><\/p>\n\n\t\t\n<style>\n#text-3814102950 {\n  text-align: left;\n}\n<\/style>\n\t<\/div>\n\t\n\n\t\t<\/div>\n\t\t\t\t\n<style>\n#col-1277453955 > .col-inner {\n  margin: 0px 0px -50px 0px;\n}\n<\/style>\n\t<\/div>\n\n\t\n\n<\/div>\n\n\t\t<\/div>\n\n\t\t\n<style>\n#section_616451999 {\n  padding-top: 5px;\n  padding-bottom: 5px;\n  margin-bottom: 5px;\n  background-color: rgb(33, 92, 170);\n}\n<\/style>\n\t<\/section>\n\t\n<div class=\"row\"  id=\"row-108186654\">\n\n\n\t<div id=\"col-23888889\" class=\"col small-12 large-12\"  >\n\t\t\t\t<div class=\"col-inner text-center\"  >\n\t\t\t\n\t\t\t\n\n<div class=\"row\"  id=\"row-705292326\">\n\n\n\t<div id=\"col-1251407450\" class=\"col small-12 large-12\"  >\n\t\t\t\t<div class=\"col-inner text-center\"  >\n\t\t\t\n\t\t\t\n\n\t<div class=\"img has-hover x md-x lg-x y md-y lg-y\" id=\"image_104786091\">\n\t\t\t\t\t\t\t\t<div class=\"img-inner dark\" >\n\t\t\t<img loading=\"lazy\" decoding=\"async\" width=\"1020\" height=\"33\" src=\"https:\/\/poissonnerielespirates.com\/wp-content\/uploads\/2024\/07\/Elements-12-1024x33.png\" class=\"attachment-large size-large\" alt=\"\" srcset=\"https:\/\/poissonnerielespirates.com\/wp-content\/uploads\/2024\/07\/Elements-12-1024x33.png 1024w, https:\/\/poissonnerielespirates.com\/wp-content\/uploads\/2024\/07\/Elements-12-300x10.png 300w, https:\/\/poissonnerielespirates.com\/wp-content\/uploads\/2024\/07\/Elements-12-768x25.png 768w, https:\/\/poissonnerielespirates.com\/wp-content\/uploads\/2024\/07\/Elements-12.png 1188w\" sizes=\"auto, (max-width: 1020px) 100vw, 1020px\" \/>\t\t\t\t\t\t\n\t\t\t\t\t<\/div>\n\t\t\t\t\t\t\t\t\n<style>\n#image_104786091 {\n  width: 40%;\n}\n<\/style>\n\t<\/div>\n\t\n\n<h2><strong>Ci-dessous la liste de nos tarifs<br \/><span style=\"color: #808080;\"><em><span style=\"font-size: 65%;\">(ils sont r\u00e9guli\u00e8rement mis \u00e0 jour, mais restent \u00e0 titre indicatifs et peuvent varier selon les cours et la saison)<\/span><\/em><\/span><\/strong><\/h2>\n<div class=\"uxb-no-content uxb-image\">Upload Image...<\/div>\n\n\n\t\t<\/div>\n\t\t\t\t\t<\/div>\n\n\t\n\n<\/div>\n<p style=\"margin-top: -15px; margin-bottom: 15px;\"><strong><span style=\"color: #3179d6;\">Choisissez votre mode de pr\u00e9paration :<\/span><span style=\"color: #282828;\"> \u00e9caill\u00e9, sans peau, entier, en filet, en papillon.<\/span><\/strong><\/p>\n<p><strong><span style=\"color: #282828;\">Tous nos filets sont d\u00e9sar\u00eat\u00e9s, lev\u00e9s \u00e0 la main et mis sous vide. <\/span><br \/><\/strong><\/p>\n\n\t\t<\/div>\n\t\t\t\t\t<\/div>\n\n\t\n\n<\/div>\n\n","protected":false},"excerpt":{"rendered":"","protected":false},"author":1,"featured_media":0,"parent":0,"menu_order":0,"comment_status":"closed","ping_status":"closed","template":"page-blank.php","meta":{"footnotes":""},"class_list":["post-333","page","type-page","status-publish","hentry"],"_links":{"self":[{"href":"https:\/\/poissonnerielespirates.com\/index.php?rest_route=\/wp\/v2\/pages\/333","targetHints":{"allow":["GET"]}}],"collection":[{"href":"https:\/\/poissonnerielespirates.com\/index.php?rest_route=\/wp\/v2\/pages"}],"about":[{"href":"https:\/\/poissonnerielespirates.com\/index.php?rest_route=\/wp\/v2\/types\/page"}],"author":[{"embeddable":true,"href":"https:\/\/poissonnerielespirates.com\/index.php?rest_route=\/wp\/v2\/users\/1"}],"replies":[{"embeddable":true,"href":"https:\/\/poissonnerielespirates.com\/index.php?rest_route=%2Fwp%2Fv2%2Fcomments&post=333"}],"version-history":[{"count":24,"href":"https:\/\/poissonnerielespirates.com\/index.php?rest_route=\/wp\/v2\/pages\/333\/revisions"}],"predecessor-version":[{"id":379,"href":"https:\/\/poissonnerielespirates.com\/index.php?rest_route=\/wp\/v2\/pages\/333\/revisions\/379"}],"wp:attachment":[{"href":"https:\/\/poissonnerielespirates.com\/index.php?rest_route=%2Fwp%2Fv2%2Fmedia&parent=333"}],"curies":[{"name":"wp","href":"https:\/\/api.w.org\/{rel}","templated":true}]}}