{"id":293,"date":"2024-07-23T04:17:20","date_gmt":"2024-07-23T02:17:20","guid":{"rendered":"https:\/\/poissonnerielespirates.com\/?page_id=293"},"modified":"2024-07-23T05:27:13","modified_gmt":"2024-07-23T03:27:13","slug":"mentions-legales","status":"publish","type":"page","link":"https:\/\/poissonnerielespirates.com\/?page_id=293","title":{"rendered":"Mentions l\u00e9gales"},"content":{"rendered":"\n\n\t<section class=\"section\" id=\"section_222988792\">\n\t\t<div class=\"section-bg fill\" >\n\t\t\t\t\t\t\t\t\t\n\t\t\t\n\n\t\t<\/div>\n\n\t\t\n\n\t\t<div class=\"section-content relative\">\n\t\t\t\n\n<div class=\"row\"  id=\"row-717623483\">\n\n\n\t<div id=\"col-1265864018\" class=\"col small-12 large-12\"  >\n\t\t\t\t<div class=\"col-inner text-center\"  >\n\t\t\t\n\t\t\t\n\n<h1 style=\"text-align: center; margin-bottom: 0px;\"><strong>MENTIONS LEGALES<\/strong><\/h1>\n\t<div class=\"img has-hover x md-x lg-x y md-y lg-y\" id=\"image_1106489106\">\n\t\t\t\t\t\t\t\t<div class=\"img-inner dark\" >\n\t\t\t<img loading=\"lazy\" decoding=\"async\" width=\"1020\" height=\"33\" src=\"https:\/\/poissonnerielespirates.com\/wp-content\/uploads\/2024\/07\/Elements-12-1024x33.png\" class=\"attachment-large size-large\" alt=\"\" srcset=\"https:\/\/poissonnerielespirates.com\/wp-content\/uploads\/2024\/07\/Elements-12-1024x33.png 1024w, https:\/\/poissonnerielespirates.com\/wp-content\/uploads\/2024\/07\/Elements-12-300x10.png 300w, https:\/\/poissonnerielespirates.com\/wp-content\/uploads\/2024\/07\/Elements-12-768x25.png 768w, https:\/\/poissonnerielespirates.com\/wp-content\/uploads\/2024\/07\/Elements-12.png 1188w\" sizes=\"auto, (max-width: 1020px) 100vw, 1020px\" \/>\t\t\t\t\t\t\n\t\t\t\t\t<\/div>\n\t\t\t\t\t\t\t\t\n<style>\n#image_1106489106 {\n  width: 40%;\n}\n<\/style>\n\t<\/div>\n\t\n\n<h1 style=\"text-align: left;\"><span style=\"font-size: 150%;\">SAS LIVIA<\/span><\/h1>\n<h2 style=\"text-align: left;\"><span style=\"font-size: 120%;\">POISSONNERIE <strong>LES<\/strong> PIRATES<\/span><\/h2>\n<p style=\"text-align: left;\"><strong>SIREN :<\/strong> 823 859 822<br \/><strong>SIRET (si\u00e8ge) :<\/strong> 823 859 822 00038<br \/><strong>Forme juridique :<\/strong> SAS, soci\u00e9t\u00e9 par actions simplifi\u00e9e<\/p>\n<p style=\"text-align: left;\"><strong>Num\u00e9ro de TVA :<\/strong> FR78823859822<br \/><strong>Num\u00e9ro RCS :<\/strong> 823 859 822 R.C.S. Nice<br \/><strong>Capital social :<\/strong> 735,00 \u20ac<\/p>\n<p style=\"text-align: left;\"><strong>Adresse :<\/strong> 235 Chem. de l&rsquo;Aven, 83440 Montauroux<br \/><strong>T\u00e9l\u00e9phone :<\/strong> 04 94 39 71 26<\/p>\n<p>\u00a0<\/p>\n<h2 class=\"uppercase\" style=\"text-align: left;\"><strong>Conditions d&rsquo;utilisation du site Internet www.poissonnerielespirates.com<\/strong><\/h2>\n<p style=\"text-align: left;\">Les contenus figurant sur le site sont la propri\u00e9t\u00e9 d&rsquo;OVH ou d\u2019autres entreprises. Toute utilisation, reproduction ou repr\u00e9sentation, par quelque proc\u00e9d\u00e9 que ce soit, et sur quelque support que ce soit, de tout ou partie du site et\/ou des \u00e9l\u00e9ments qui le composent n&rsquo;est pas autoris\u00e9e sans le consentement expresse de la SAS LIVIA.<\/p>\n<p style=\"text-align: left;\">La marque Poissonnerie Les Pirates, le logo Poissonnerie Les Pirates sont des marques enregistr\u00e9es, dont le titulaire est la SAS LIVIA. Toutes les autres marques qui figurent sur le pr\u00e9sent site internet sont la propri\u00e9t\u00e9 de leurs titulaires respectifs.<\/p>\n<p>\u00a0<\/p>\n<h2 class=\"uppercase\" style=\"text-align: left;\"><strong>H\u00e9bergeur<\/strong><\/h2>\n<h3 style=\"text-align: left;\"><strong>OVH<\/strong><\/h3>\n<p style=\"text-align: left;\"><strong>Num\u00e9ro RCS :<\/strong> 424 761 419 00045 R.C.S Lille M\u00e9tropole\u00a0<br \/><strong>Code APE :<\/strong> 2620Z<br \/><strong>N\u00b0 TVA :<\/strong> FR 22 424 761 419<br \/><strong>Si\u00e8ge social :<\/strong> 2 rue Kellermann &#8211; 59100 Roubaix &#8211; France<br \/>SAS au capital de 50 000 000 \u20ac<\/p>\n<p style=\"text-align: left;\">OVH SAS est une filiale de la soci\u00e9t\u00e9 OVH Groupe SA, soci\u00e9t\u00e9 immatricul\u00e9e au RCS de Lille sous le num\u00e9ro 537 407 926 sise 2, rue Kellermann, 59100 Roubaix.<br \/>Directeur de la publication : Michel Paulin<\/p>\n<p>\u00a0<\/p>\n<h2 class=\"uppercase\" style=\"text-align: left;\"><strong>Donn\u00e9es personnelles<\/strong><\/h2>\n<p style=\"text-align: left;\">D&rsquo;une fa\u00e7on g\u00e9n\u00e9rale, vous pouvez visiter notre site sur Internet sans avoir \u00e0 d\u00e9cliner votre identit\u00e9 et \u00e0 fournir des informations personnelles vous concernant. Cependant, nous pouvons parfois vous demander des informations. Par exemple, pour traiter une commande, \u00e9tablir une correspondance, fournir un abonnement ou soumettre une candidature \u00e0 un poste. Nous pouvons compl\u00e9ter ces informations pour conclure une transaction ou offrir un meilleur service.<\/p>\n<p>\u00a0<\/p>\n<p style=\"text-align: left;\"><\/p>\n<h2 class=\"wp-block-heading\" style=\"text-align: left;\"><strong>COOKIES<\/strong><\/h2>\n<h3 class=\"wp-block-heading uppercase\" style=\"text-align: left;\">M\u00e9dias<\/h3>\n<p style=\"text-align: left;\">Si vous t\u00e9l\u00e9versez des images sur le site, nous vous conseillons d\u2019\u00e9viter de t\u00e9l\u00e9verser des images contenant des donn\u00e9es EXIF de coordonn\u00e9es GPS. Les personnes visitant votre site peuvent t\u00e9l\u00e9charger et extraire des donn\u00e9es de localisation depuis ces images.<\/p>\n<h3 class=\"wp-block-heading uppercase\" style=\"text-align: left;\">Contenu embarqu\u00e9 depuis d\u2019autres sites<\/h3>\n<p style=\"text-align: left;\">Les articles de ce site peuvent inclure des contenus int\u00e9gr\u00e9s (par exemple des vid\u00e9os, images, articles\u2026). Le contenu int\u00e9gr\u00e9 depuis d\u2019autres sites se comporte de la m\u00eame mani\u00e8re que si le visiteur se rendait sur cet autre site.<\/p>\n<p style=\"text-align: left;\">Ces sites web pourraient collecter des donn\u00e9es sur vous, utiliser des cookies, embarquer des outils de suivis tiers, suivre vos interactions avec ces contenus embarqu\u00e9s si vous disposez d\u2019un compte connect\u00e9 sur leur site web.<\/p>\n<p style=\"text-align: left;\"><\/p>\n\n\t\t<\/div>\n\t\t\t\t\t<\/div>\n\n\t\n\n<\/div>\n\t<div id=\"gap-1928106150\" class=\"gap-element clearfix\" style=\"display:block; height:auto;\">\n\t\t\n<style>\n#gap-1928106150 {\n  padding-top: 80px;\n}\n<\/style>\n\t<\/div>\n\t\n\n\n\t\t<\/div>\n\n\t\t\n<style>\n#section_222988792 {\n  padding-top: 30px;\n  padding-bottom: 30px;\n}\n<\/style>\n\t<\/section>\n\t\n\n","protected":false},"excerpt":{"rendered":"","protected":false},"author":1,"featured_media":0,"parent":0,"menu_order":0,"comment_status":"closed","ping_status":"closed","template":"","meta":{"footnotes":""},"class_list":["post-293","page","type-page","status-publish","hentry"],"_links":{"self":[{"href":"https:\/\/poissonnerielespirates.com\/index.php?rest_route=\/wp\/v2\/pages\/293","targetHints":{"allow":["GET"]}}],"collection":[{"href":"https:\/\/poissonnerielespirates.com\/index.php?rest_route=\/wp\/v2\/pages"}],"about":[{"href":"https:\/\/poissonnerielespirates.com\/index.php?rest_route=\/wp\/v2\/types\/page"}],"author":[{"embeddable":true,"href":"https:\/\/poissonnerielespirates.com\/index.php?rest_route=\/wp\/v2\/users\/1"}],"replies":[{"embeddable":true,"href":"https:\/\/poissonnerielespirates.com\/index.php?rest_route=%2Fwp%2Fv2%2Fcomments&post=293"}],"version-history":[{"count":7,"href":"https:\/\/poissonnerielespirates.com\/index.php?rest_route=\/wp\/v2\/pages\/293\/revisions"}],"predecessor-version":[{"id":320,"href":"https:\/\/poissonnerielespirates.com\/index.php?rest_route=\/wp\/v2\/pages\/293\/revisions\/320"}],"wp:attachment":[{"href":"https:\/\/poissonnerielespirates.com\/index.php?rest_route=%2Fwp%2Fv2%2Fmedia&parent=293"}],"curies":[{"name":"wp","href":"https:\/\/api.w.org\/{rel}","templated":true}]}}