{"id":192,"date":"2024-07-20T18:01:08","date_gmt":"2024-07-20T16:01:08","guid":{"rendered":"https:\/\/poissonnerielespirates.com\/?page_id=192"},"modified":"2024-07-20T19:07:09","modified_gmt":"2024-07-20T17:07:09","slug":"notre-parcours","status":"publish","type":"page","link":"https:\/\/poissonnerielespirates.com\/?page_id=192","title":{"rendered":"Notre parcours"},"content":{"rendered":"\n<div class=\"row\"  id=\"row-103721532\">\n\n\n\t<div id=\"col-1962406646\" class=\"col small-12 large-12\"  >\n\t\t\t\t<div class=\"col-inner text-center\"  >\n\t\t\t\n\t\t\t\n\n<h1><strong>NOTRE PARCOURS<\/strong><\/h1>\n\t<div class=\"img has-hover x md-x lg-x y md-y lg-y\" id=\"image_157745033\">\n\t\t\t\t\t\t\t\t<div class=\"img-inner dark\" >\n\t\t\t<img loading=\"lazy\" decoding=\"async\" width=\"1020\" height=\"33\" src=\"https:\/\/poissonnerielespirates.com\/wp-content\/uploads\/2024\/07\/Elements-12-1024x33.png\" class=\"attachment-large size-large\" alt=\"\" srcset=\"https:\/\/poissonnerielespirates.com\/wp-content\/uploads\/2024\/07\/Elements-12-1024x33.png 1024w, https:\/\/poissonnerielespirates.com\/wp-content\/uploads\/2024\/07\/Elements-12-300x10.png 300w, https:\/\/poissonnerielespirates.com\/wp-content\/uploads\/2024\/07\/Elements-12-768x25.png 768w, https:\/\/poissonnerielespirates.com\/wp-content\/uploads\/2024\/07\/Elements-12.png 1188w\" sizes=\"auto, (max-width: 1020px) 100vw, 1020px\" \/>\t\t\t\t\t\t\n\t\t\t\t\t<\/div>\n\t\t\t\t\t\t\t\t\n<style>\n#image_157745033 {\n  width: 40%;\n}\n<\/style>\n\t<\/div>\n\t\n\n\n\t\t<\/div>\n\t\t\t\t\t<\/div>\n\n\t\n\n<\/div>\n<div class=\"row row-divided\"  id=\"row-66967329\">\n\n\n\t<div id=\"col-1992596883\" class=\"col medium-6 small-12 large-6\"  >\n\t\t\t\t<div class=\"col-inner\"  >\n\t\t\t\n\t\t\t\n\n<div style=\"text-align: justify;\">\n<p><strong><span style=\"font-size: 110%;\"><span style=\"color: #003366;\">Partie d&rsquo;une simple boutique sur Mouans-Sartoux en 2017<\/span>, la Poissonnerie Les Pirates est <span style=\"color: #003366;\">aujourd&rsquo;hui r\u00e9partie sur trois secteurs d&rsquo;activit\u00e9s<\/span> : <span style=\"color: #003366;\">la restauration<\/span> classique,<span style=\"color: #003366;\"> le super-yachting<\/span>, la distribution en barquette <span style=\"color: #003366;\">SkinPack <\/span>en grande surface et compte de nombreux clients \u00e0 travers l&rsquo;ensemble du 06 et du 83.<\/span><\/strong><\/p>\n<p class=\"alt-font\" style=\"text-align: center;\"><span style=\"color: #003366; font-size: 150%;\"><strong><span style=\"color: #003366;\">\u00ab\u00a0le chemin n&rsquo;est pas toujours simple, mais il est passionnant\u00a0\u00bb<\/span> <br \/><\/strong><\/span><\/p>\n<p><span style=\"color: #003366;\"><strong>Apr\u00e8s une inauguration et une premi\u00e8re ann\u00e9e d&rsquo;activit\u00e9 r\u00e9ussie,<\/strong><\/span> la poissonnerie, alors install\u00e9e \u00e0 Mouans-Sartoux, commen\u00e7a \u00e0 servir de plus en plus de clients, autant professionnels que particuliers. <span style=\"color: #003366;\"><strong>La d\u00e9cision fut alors prise de mettre en place un service de livraison.<\/strong><\/span><\/p>\n<p class=\"alt-font\" style=\"text-align: center;\"><span style=\"font-size: 150%; color: #003366;\"><strong><em>C&rsquo;est ainsi que cette grande histoire a commenc\u00e9.<\/em><\/strong><\/span><\/p>\n<p>La renomm\u00e9 n\u00e9e de ce service de livraison fut telle qu&rsquo;elle n\u00e9cessita d&rsquo;<span style=\"color: #003366;\"><strong>ouvrir rapidement un nouveau lieu de vente<\/strong><\/span>, encore plus proche de l&rsquo;animation, directement <strong><span style=\"color: #003366;\">dans le quartier historique du port de Nice !<\/span><\/strong><\/p>\n<p>D&rsquo;ici, c&rsquo;\u00e9tait plus simple d&rsquo;approvisionner efficacement <strong><span style=\"color: #003366;\">les yachts <\/span><\/strong>qui venaient se ravitailler au port et <span style=\"color: #003366;\"><strong>les luxueuses villas<\/strong><\/span> de <span style=\"color: #003366;\"><strong>Villefranche<\/strong> <\/span>\u00e0 <span style=\"color: #003366;\"><strong>Beaulieu<\/strong> <\/span>en passant par le <span style=\"color: #003366;\"><strong>Cap-d&rsquo;Ail<\/strong><\/span> et <span style=\"color: #003366;\"><strong>Monaco<\/strong><\/span>.<\/p>\n<p><span style=\"color: #003366;\"><strong>Satisfaits par la qualit\u00e9 #Les Pirates<\/strong><\/span>, les clients s&rsquo;<span class=\"verbe\">amoncelaient<\/span> et la renomm\u00e9e de l&rsquo;enseigne bondit de nouveau. Les Pirates \u00e9taient pass\u00e9s \u00e0 l&rsquo;abordage !<\/p>\n<p>Le temps passe, <strong><span style=\"color: #003366;\">les succ\u00e8s s&rsquo;accumulent<\/span><\/strong> et <strong><span style=\"color: #003366;\">le chiffre d&rsquo;affaires \u00e9volue en diagonale<\/span><\/strong> de trimestres en trimestre.<\/p>\n<p><strong><span style=\"color: #003366;\">Nous sommes en 2021.<\/span><\/strong><br \/>Et c&rsquo;est alors qu&rsquo;<strong><span style=\"color: #003366;\">un nouveau projet<\/span><\/strong> innovant et audacieux est pr\u00e9sent\u00e9 au banquier soutenant le navire : <span style=\"color: #003366;\"><strong>s&rsquo;implanter directement en GMS<\/strong><\/span> (Grandes et Moyennes Surfaces) pour apporter notre produit extra-qualitatif au plus grand nombre !<\/p>\n<\/div>\n\n\n\t\t<\/div>\n\t\t\t\t\t<\/div>\n\n\t\n\n\t<div id=\"col-884141071\" class=\"col medium-6 small-12 large-6\"  >\n\t\t\t\t<div class=\"col-inner\"  >\n\t\t\t\n\t\t\t\n\n<div style=\"text-align: justify;\">\n<p><span style=\"color: #003366;\"><strong>Rendu enfin possible avec le concours de la technologie SkinPack<\/strong><\/span> (qui permet une conservation incroyable du produit, sans d\u00e9grader ses fibres ou sa texture) l&rsquo;id\u00e9e \u00e9tait lanc\u00e9e.<\/p>\n<p>Et face aux pr\u00e9c\u00e9dentes prises de guerre et \u00e0 notre exp\u00e9rience du travail propre et sans \u00e9cart (indispensable pour servir le super-yachting) <strong><span style=\"color: #003366;\">la viabilit\u00e9 de projet fut valid\u00e9 et la tr\u00e9sorerie d\u00e9bloqu\u00e9e<\/span> <\/strong>pour la cr\u00e9ation d&rsquo;un laboratoire de transformation, permettant d&rsquo;accueillir cette nouvelle production !<\/p>\n<p><span style=\"color: #003366;\"><strong>Le laboratoire fut cr\u00e9\u00e9 en 2022<\/strong><\/span> et implant\u00e9 autour du lac de St-Cassien, dans la commune de Montauroux.<br \/>\u00c0 la limite du d\u00e9partement du Var et des Alpes-Maritimes,<span style=\"color: #003366;\"><strong> il b\u00e9n\u00e9ficie d&rsquo;un acc\u00e8s rapide \u00e0 l&rsquo;autoroute<\/strong><\/span> (moins de 10 minutes) et permet de desservir aussi bien \u00e0 Nice que Fr\u00e9jus.<\/p>\n<p>C&rsquo;est ainsi qu&rsquo;en 2024, nous sommes <span style=\"color: #003366;\"><strong>\u00e9tablis dans plus d&rsquo;une 20\u00e8ne de supermarch\u00e9<\/strong><\/span> de grandes et moyennes taille, tout le long de la cote d&rsquo;azur. Arm\u00e9s de notre volont\u00e9 d&rsquo;apporter le go\u00fbt d&rsquo;un poisson d&rsquo;extra-qualit\u00e9 et d&rsquo;extra-fra\u00eecheur au plus grand nombre ! De notre gamme comportant une vingtaine de poissons, entier, mis en dos ou en filet, ainsi que de notre slogan <strong><span style=\"color: #003366;\">\u00ab\u00a0sans ar\u00eates, red\u00e9couvrez le go\u00fbt de la mer !\u00a0\u00bb<\/span><\/strong><\/p>\n<p><span style=\"color: #003366;\"><strong>C\u00f4t\u00e9 super-yachting<\/strong><\/span>, nous sommes \u00e9galement tr\u00e8s souvent sollicit\u00e9s par <span style=\"color: #003366;\"><strong>les plus \u00e9minents ravitailleurs<\/strong> de <strong>Nice<\/strong>, <strong>St-Troprez<\/strong> et <strong>Monaco<\/strong><\/span>. Et nous continuons aussi de servir quelques yachts et quelques villas en direct.<\/p>\n<p><span style=\"color: #003366;\"><strong>C\u00f4t\u00e9 restauration,<\/strong><\/span> notre pr\u00e9sence sur <strong><span style=\"color: #003366;\">la totalit\u00e9 des cri\u00e9es de France<\/span><\/strong> et sur les plus importantes cri\u00e9es d&rsquo;Espagne, nous offre la possibilit\u00e9 d&rsquo;\u00eatre au plus proche des demandes sp\u00e9cifiques,<span style=\"color: #003366;\"><strong> notamment en plat du jour<\/strong><\/span>. Et notre client\u00e8le, satisfaite, augmente d&rsquo;elle-m\u00eame, de saisons en saisons.<\/p>\n<p class=\"alt-font\" style=\"text-align: center;\"><span style=\"font-size: 150%;\"><strong><span style=\"color: #003366;\">Amoureux du poisson,<span style=\"color: #4a4a4a;\"> avec la volont\u00e9 de faire d\u00e9couvrir son go\u00fbt au plus grand nombre ! Nous ne cesserons d&rsquo;affiner nos m\u00e9thodes, afin de<\/span> satisfaire et d\u2019\u00e9largir toujours plus notre client\u00e8le !<\/span><\/strong><\/span><\/p>\n<\/div>\n\n\t\t<\/div>\n\t\t\t\t\t<\/div>\n\n\t\n\n<\/div>\n\n","protected":false},"excerpt":{"rendered":"","protected":false},"author":1,"featured_media":0,"parent":0,"menu_order":0,"comment_status":"closed","ping_status":"closed","template":"","meta":{"footnotes":""},"class_list":["post-192","page","type-page","status-publish","hentry"],"_links":{"self":[{"href":"https:\/\/poissonnerielespirates.com\/index.php?rest_route=\/wp\/v2\/pages\/192","targetHints":{"allow":["GET"]}}],"collection":[{"href":"https:\/\/poissonnerielespirates.com\/index.php?rest_route=\/wp\/v2\/pages"}],"about":[{"href":"https:\/\/poissonnerielespirates.com\/index.php?rest_route=\/wp\/v2\/types\/page"}],"author":[{"embeddable":true,"href":"https:\/\/poissonnerielespirates.com\/index.php?rest_route=\/wp\/v2\/users\/1"}],"replies":[{"embeddable":true,"href":"https:\/\/poissonnerielespirates.com\/index.php?rest_route=%2Fwp%2Fv2%2Fcomments&post=192"}],"version-history":[{"count":17,"href":"https:\/\/poissonnerielespirates.com\/index.php?rest_route=\/wp\/v2\/pages\/192\/revisions"}],"predecessor-version":[{"id":210,"href":"https:\/\/poissonnerielespirates.com\/index.php?rest_route=\/wp\/v2\/pages\/192\/revisions\/210"}],"wp:attachment":[{"href":"https:\/\/poissonnerielespirates.com\/index.php?rest_route=%2Fwp%2Fv2%2Fmedia&parent=192"}],"curies":[{"name":"wp","href":"https:\/\/api.w.org\/{rel}","templated":true}]}}